{"id":496,"date":"2025-12-11T12:06:19","date_gmt":"2025-12-11T11:06:19","guid":{"rendered":"https:\/\/sitecclercpreprod.fr\/?page_id=496"},"modified":"2025-12-11T12:11:23","modified_gmt":"2025-12-11T11:11:23","slug":"formation-cybersecurite","status":"publish","type":"page","link":"https:\/\/sitecclercpreprod.fr\/index.php\/formation-cybersecurite\/","title":{"rendered":"Formation cybersecurite"},"content":{"rendered":"\t\t<div data-elementor-type=\"wp-page\" data-elementor-id=\"496\" class=\"elementor elementor-496\" data-elementor-post-type=\"page\">\n\t\t\t\t<div class=\"elementor-element elementor-element-69e7b50 e-flex e-con-boxed e-con e-parent\" data-id=\"69e7b50\" data-element_type=\"container\" data-settings=\"{&quot;ekit_has_onepagescroll_dot&quot;:&quot;yes&quot;}\">\n\t\t\t\t\t<div class=\"e-con-inner\">\n\t\t\t\t<div class=\"elementor-element elementor-element-6d133bf elementor-widget elementor-widget-menu-anchor\" data-id=\"6d133bf\" data-element_type=\"widget\" data-settings=\"{&quot;ekit_we_effect_on&quot;:&quot;none&quot;}\" data-widget_type=\"menu-anchor.default\">\n\t\t\t\t\t\t\t<div class=\"elementor-menu-anchor\" id=\"fichecyber\"><\/div>\n\t\t\t\t\t\t<\/div>\n\t\t\t\t<div class=\"elementor-element elementor-element-cd5111f elementor-widget elementor-widget-ucaddon_gradient_underline_text_effect\" data-id=\"cd5111f\" data-element_type=\"widget\" data-settings=\"{&quot;ekit_we_effect_on&quot;:&quot;none&quot;}\" data-widget_type=\"ucaddon_gradient_underline_text_effect.default\">\n\t\t\t\t<div class=\"elementor-widget-container\">\n\t\t\t\t\t\n<!-- start Gradient Underline Text Effect -->\n<style>\/* widget: Gradient Underline Text Effect *\/\n\n#uc_gradient_underline_text_effect_elementor_cd5111f\n{\n  text-align:center;\n}\n#uc_gradient_underline_text_effect_elementor_cd5111f .underline--magical {\n  background-image: linear-gradient(120deg, #E30613A6 0%, #E30613A6 100%);\n  background-repeat: no-repeat;\n  background-size: 100% 0.2em;\n  background-position: 0 88%;\n  transition: background-size 0.25s ease-in;\n}\n#uc_gradient_underline_text_effect_elementor_cd5111f .underline--magical:hover {\n  background-size: 100% 88%;\n}\n\n<\/style>\n\n<div id=\"uc_gradient_underline_text_effect_elementor_cd5111f\" class=\"gradient_underline_text_effect\" style=\"color:#3D3D3D;\">\n<span class=\"beginning_text\" style=\"color:;\">Fiche<\/span> \n<span class=\"underline--magical\" style=\"color:;\">programme<\/span> \n<span class=\"ending_text\" style=\"color:;\"><\/span>\n<\/div>\n<!-- end Gradient Underline Text Effect -->\t\t\t\t<\/div>\n\t\t\t\t<\/div>\n\t\t\t\t\t<\/div>\n\t\t\t\t<\/div>\n\t\t<div class=\"elementor-element elementor-element-6a1260b e-flex e-con-boxed e-con e-parent\" data-id=\"6a1260b\" data-element_type=\"container\" data-settings=\"{&quot;ekit_has_onepagescroll_dot&quot;:&quot;yes&quot;}\">\n\t\t\t\t\t<div class=\"e-con-inner\">\n\t\t\t\t<div class=\"elementor-element elementor-element-d3ab645 elementor-widget elementor-widget-heading\" data-id=\"d3ab645\" data-element_type=\"widget\" data-settings=\"{&quot;ekit_we_effect_on&quot;:&quot;none&quot;}\" data-widget_type=\"heading.default\">\n\t\t\t\t\t<h2 class=\"elementor-heading-title elementor-size-default\">LES BONNES PRATIQUES NOTARIALES ET LA LUTTE CONTRE LA CYBERCRIMINALIT\u00c9<\/h2>\t\t\t\t<\/div>\n\t\t\t\t\t<\/div>\n\t\t\t\t<\/div>\n\t\t<div class=\"elementor-element elementor-element-b4f349a e-flex e-con-boxed e-con e-parent\" data-id=\"b4f349a\" data-element_type=\"container\" data-settings=\"{&quot;ekit_has_onepagescroll_dot&quot;:&quot;yes&quot;}\">\n\t\t\t\t\t<div class=\"e-con-inner\">\n\t\t\t\t<div class=\"elementor-element elementor-element-7444cc9 elementor-widget elementor-widget-text-editor\" data-id=\"7444cc9\" data-element_type=\"widget\" data-settings=\"{&quot;ekit_we_effect_on&quot;:&quot;none&quot;}\" data-widget_type=\"text-editor.default\">\n\t\t\t\t\t\t\t\t\t<p><span class=\"Apple-converted-space\">\u00a0<\/span><b>Public vis\u00e9 : <\/b>Notaires<span class=\"Apple-converted-space\">\u00a0<\/span><\/p><p><b>Pr\u00e9requis : <\/b>Aucun<span class=\"Apple-converted-space\">\u00a0<\/span><\/p><p><b>Objectifs p\u00e9dagogiques<span class=\"Apple-converted-space\">\u00a0<\/span><\/b><b><\/b><\/p><p><i>\u00c0 l\u2019issue de la formation, le participant sera capable de :<span class=\"Apple-converted-space\">\u00a0<\/span><\/i><i><\/i><\/p><p>1. Identifier les menaces cyber sp\u00e9cifiques aux \u00e9tudes notariales.<span class=\"Apple-converted-space\">\u00a0<\/span><\/p><p>2. Mettre en oeuvre les bonnes pratiques de cybers\u00e9curit\u00e9 avant une attaque.<span class=\"Apple-converted-space\">\u00a0<\/span><\/p><p>3. R\u00e9agir efficacement lors d\u2019une cyberattaque pour limiter les impacts.<span class=\"Apple-converted-space\">\u00a0<\/span><\/p><p>4. Assurer la continuit\u00e9 et la reprise d\u2019activit\u00e9 apr\u00e8s une attaque, en conformit\u00e9 avec les obligations l\u00e9gales et ordinales.<span class=\"Apple-converted-space\">\u00a0<\/span><\/p><p><b>Dur\u00e9e et organisation<span class=\"Apple-converted-space\">\u00a0<\/span><\/b><b><\/b><\/p><p>\u2022 Dur\u00e9e totale : 4 heures<span class=\"Apple-converted-space\">\u00a0<\/span><\/p><p>\u2022 Date et horaires : Vendredi 10 octobre 2025, de 14h30 \u00e0 18h30<span class=\"Apple-converted-space\">\u00a0<\/span><\/p><p>\u2022 Lieu : 73 Boulevard Malesherbes, 75008 PARIS (pr\u00e9sentiel)<span class=\"Apple-converted-space\">\u00a0<\/span><\/p><p><b>Modalit\u00e9s et d\u00e9lais d\u2019acc\u00e8s<span class=\"Apple-converted-space\">\u00a0<\/span><\/b><b><\/b><\/p><p>\u2022 Inscription via bulletin d\u2019inscription transmis par mail.<span class=\"Apple-converted-space\">\u00a0<\/span><\/p><p>\u2022 D\u00e9lai d\u2019acc\u00e8s : inscription possible jusqu\u2019au 3 octobre 2025, dans la limite des places disponibles.<span class=\"Apple-converted-space\">\u00a0<\/span><\/p><p>\u2022 Confirmation d\u2019inscription transmise par mail d\u00e8s r\u00e9ception du r\u00e8glement.<span class=\"Apple-converted-space\">\u00a0<\/span><\/p><p><b>Tarifs<span class=\"Apple-converted-space\">\u00a0<\/span><\/b><b><\/b><\/p><p>\u2022 150 \u20ac (adh\u00e9rents SNN) 200 \u20ac (non adh\u00e9rent) TTC par participant.<span class=\"Apple-converted-space\">\u00a0<\/span><\/p><p>\u2022 R\u00e8glement par virement bancaire (RIB communiqu\u00e9 \u00e0 l\u2019inscription) ou par ch\u00e8que \u00e0 l\u2019ordre de UGNF \u2013 FORMATION<span class=\"Apple-converted-space\">\u00a0<\/span><\/p><p><b>M\u00e9thodes p\u00e9dagogiques mobilis\u00e9es<span class=\"Apple-converted-space\">\u00a0<\/span><\/b><b><\/b><\/p><p>\u2022 Expos\u00e9s th\u00e9oriques illustr\u00e9s de cas pratiques concrets du notariat.<span class=\"Apple-converted-space\">\u00a0<\/span><\/p><p>\u2022 \u00c9tudes de cas r\u00e9els d\u2019attaques subies par des \u00e9tudes notariales.<span class=\"Apple-converted-space\">\u00a0<\/span><\/p><p>\u2022 Remise d\u2019un kit documentaire exclusif : guides pratiques, fiches r\u00e9flexes, coordonn\u00e9es utiles.<span class=\"Apple-converted-space\">\u00a0<\/span><\/p><p>\u2022 \u00c9changes interactifs avec les intervenants (questions\/r\u00e9ponses). <i>UGNF-FORMATION <\/i>73 Boulevard Malesherbes 75008 PARIS<span class=\"Apple-converted-space\">\u00a0<\/span><\/p><p><i>T\u00e9l\u00e9phone : 01 43 87 96 70 inscription@ugnf-formation.fr Organisme de formation cr\u00e9\u00e9 en 2025 &#8211; immatriculation en cours<span class=\"Apple-converted-space\">\u00a0<\/span><\/i><i><\/i><\/p><p><b>Modalit\u00e9s d\u2019\u00e9valuation<span class=\"Apple-converted-space\">\u00a0<\/span><\/b><b><\/b><\/p><p>\u2022 Auto-positionnement en d\u00e9but de formation<span class=\"Apple-converted-space\">\u00a0<\/span><\/p><p>\u2022 Questionnaire de validation des acquis en fin de formation<span class=\"Apple-converted-space\">\u00a0<\/span><\/p><p>\u2022 Questionnaire de satisfaction transmis aux participants.<span class=\"Apple-converted-space\">\u00a0<\/span><\/p><p><b>Intervenants<span class=\"Apple-converted-space\">\u00a0<\/span><\/b><b><\/b><\/p><p>\u2022 Ma\u00eetre Pierre LAURENT, Notaire et Dirigeant d\u2019Arboris Scola (Organisme de formation).<span class=\"Apple-converted-space\">\u00a0<\/span><\/p><p>\u2022 Monsieur Anthony HAVE, Expert Wybot Cybers\u00e9curit\u00e9, sp\u00e9cialistes de la s\u00e9curit\u00e9 des syst\u00e8mes dans le secteur juridique.<span class=\"Apple-converted-space\">\u00a0<\/span><\/p><p>\u2022 Madame Oc\u00e9ane SAVEA, charg\u00e9e de compte \u2013 Assurances du Notariat (LSN).<span class=\"Apple-converted-space\">\u00a0<\/span><\/p><p><b>Accessibilit\u00e9 aux personnes en situation de handicap<span class=\"Apple-converted-space\">\u00a0<\/span><\/b><b><\/b><\/p><p>Nos formations sont ouvertes \u00e0 tous.<span class=\"Apple-converted-space\">\u00a0<\/span><\/p><p>\u2022 Merci de nous signaler toute situation de handicap lors de l\u2019inscription.<span class=\"Apple-converted-space\">\u00a0<\/span><\/p><p>\u2022 Un r\u00e9f\u00e9rent handicap est disponible pour adapter les modalit\u00e9s p\u00e9dagogiques, logistiques ou techniques.<span class=\"Apple-converted-space\">\u00a0<\/span><\/p><p>Contact r\u00e9f\u00e9rent handicap : formation@ugnf-formation.fr<span class=\"Apple-converted-space\">\u00a0<\/span><\/p><p><b>Contacts<span class=\"Apple-converted-space\">\u00a0<\/span><\/b><b><\/b><\/p><p>UGNF \u2013 FORMATION<span class=\"Apple-converted-space\">\u00a0<\/span><\/p><p>73 Boulevard Malesherbes, 75008 PARIS<span class=\"Apple-converted-space\">\u00a0<\/span><\/p><p>formation@ugnf-formation.fr<span class=\"Apple-converted-space\">\u00a0<\/span><\/p><p>01 43 87 96 70<span class=\"Apple-converted-space\">\u00a0<\/span><\/p>\t\t\t\t\t\t\t\t<\/div>\n\t\t\t\t\t<\/div>\n\t\t\t\t<\/div>\n\t\t<div class=\"elementor-element elementor-element-ebaf07d e-flex e-con-boxed e-con e-parent\" data-id=\"ebaf07d\" data-element_type=\"container\" data-settings=\"{&quot;ekit_has_onepagescroll_dot&quot;:&quot;yes&quot;}\">\n\t\t\t\t\t<div class=\"e-con-inner\">\n\t\t\t\t<div class=\"elementor-element elementor-element-5d641e5 elementor-widget elementor-widget-menu-anchor\" data-id=\"5d641e5\" data-element_type=\"widget\" data-settings=\"{&quot;ekit_we_effect_on&quot;:&quot;none&quot;}\" data-widget_type=\"menu-anchor.default\">\n\t\t\t\t\t\t\t<div class=\"elementor-menu-anchor\" id=\"deroulecyber\"><\/div>\n\t\t\t\t\t\t<\/div>\n\t\t\t\t\t<\/div>\n\t\t\t\t<\/div>\n\t\t<div class=\"elementor-element elementor-element-d80b563 e-flex e-con-boxed e-con e-parent\" data-id=\"d80b563\" data-element_type=\"container\" data-settings=\"{&quot;ekit_has_onepagescroll_dot&quot;:&quot;yes&quot;}\">\n\t\t\t\t\t<div class=\"e-con-inner\">\n\t\t\t\t<div class=\"elementor-element elementor-element-a2734f3 elementor-widget elementor-widget-ucaddon_gradient_underline_text_effect\" data-id=\"a2734f3\" data-element_type=\"widget\" data-settings=\"{&quot;ekit_we_effect_on&quot;:&quot;none&quot;}\" data-widget_type=\"ucaddon_gradient_underline_text_effect.default\">\n\t\t\t\t<div class=\"elementor-widget-container\">\n\t\t\t\t\t\n<!-- start Gradient Underline Text Effect -->\n<style>\/* widget: Gradient Underline Text Effect *\/\n\n#uc_gradient_underline_text_effect_elementor_a2734f3\n{\n  text-align:center;\n}\n#uc_gradient_underline_text_effect_elementor_a2734f3 .underline--magical {\n  background-image: linear-gradient(120deg, #E30613A6 0%, #E30613A6 100%);\n  background-repeat: no-repeat;\n  background-size: 100% 0.2em;\n  background-position: 0 88%;\n  transition: background-size 0.25s ease-in;\n}\n#uc_gradient_underline_text_effect_elementor_a2734f3 .underline--magical:hover {\n  background-size: 100% 88%;\n}\n\n<\/style>\n\n<div id=\"uc_gradient_underline_text_effect_elementor_a2734f3\" class=\"gradient_underline_text_effect\" style=\"color:#3D3D3D;\">\n<span class=\"beginning_text\" style=\"color:;\">D\u00e9roul\u00e9<\/span> \n<span class=\"underline--magical\" style=\"color:;\">p\u00e9dagogique<\/span> \n<span class=\"ending_text\" style=\"color:;\"><\/span>\n<\/div>\n<!-- end Gradient Underline Text Effect -->\t\t\t\t<\/div>\n\t\t\t\t<\/div>\n\t\t\t\t\t<\/div>\n\t\t\t\t<\/div>\n\t\t<div class=\"elementor-element elementor-element-7da6b5c e-flex e-con-boxed e-con e-parent\" data-id=\"7da6b5c\" data-element_type=\"container\" data-settings=\"{&quot;ekit_has_onepagescroll_dot&quot;:&quot;yes&quot;}\">\n\t\t\t\t\t<div class=\"e-con-inner\">\n\t\t\t\t<div class=\"elementor-element elementor-element-91d0d58 elementor-widget elementor-widget-text-editor\" data-id=\"91d0d58\" data-element_type=\"widget\" data-settings=\"{&quot;ekit_we_effect_on&quot;:&quot;none&quot;}\" data-widget_type=\"text-editor.default\">\n\t\t\t\t\t\t\t\t\t<table style=\"font-weight: 400;\" width=\"742\"><tbody><tr><td width=\"144\"><p><strong>Dur\u00e9e<\/strong><\/p><\/td><td width=\"144\"><p><strong>Objectifs<\/strong><\/p><\/td><td width=\"265\"><p><strong>Contenu<\/strong><\/p><\/td><td width=\"189\"><p><strong>Modalit\u00e9s p\u00e9dagogiques<\/strong><\/p><\/td><\/tr><tr><td width=\"144\"><p>14h30 \u2013 14h45<\/p><\/td><td width=\"144\"><p>Sensibiliser aux menaces cyber et aux obligations des \u00e9tudes notariales.<\/p><\/td><td width=\"265\"><p>Accueil, pr\u00e9sentation du formateur (Me LAURENT), introduction au cadre r\u00e9glementaire et aux enjeux de cybers\u00e9curit\u00e9.<\/p><\/td><td width=\"189\"><p>Expos\u00e9 introductif, \u00e9changes interactifs, distribution du poster \u201cCyber R\u00e9flexes 2023\u201d.<\/p><\/td><\/tr><tr><td width=\"144\"><p>14h45 \u2013 15h15<\/p><\/td><td width=\"144\"><p>Identifier les menaces et vuln\u00e9rabilit\u00e9s propres aux \u00e9tudes notariales.<\/p><\/td><td width=\"265\"><p>Pr\u00e9sentation des attaques r\u00e9centes : fuites de donn\u00e9es, usurpations d\u2019identit\u00e9, vuln\u00e9rabilit\u00e9s techniques. D\u00e9couverte d\u2019outils de d\u00e9tection et pr\u00e9vention (sonde WYBOT, EDR, SOC).<\/p><\/td><td width=\"189\"><p>\u00c9tude de cas r\u00e9els, analyse de rapports de vuln\u00e9rabilit\u00e9, support PowerPoint comment\u00e9.<\/p><\/td><\/tr><tr><td width=\"144\"><p>15h15 \u2013 15h30<\/p><\/td><td width=\"144\"><p>Identifier les ressources fiables pour la veille et la conformit\u00e9.<\/p><\/td><td width=\"265\"><p>Sitographie et dossier p\u00e9dagogique : ANSSI, CNIL, cybermalveillance.gouv.fr, fiches r\u00e9flexes du CSN.<\/p><\/td><td width=\"189\"><p>Pr\u00e9sentation guid\u00e9e, remise du kit documentaire.<\/p><\/td><\/tr><tr><td width=\"144\"><p>15h30 \u2013 15h45<\/p><\/td><td width=\"144\"><p>Comprendre l\u2019importance d\u2019une surveillance continue.<\/p><\/td><td width=\"265\"><p>T\u00e9moignage de M. DOS SANTOS (Wybot Cybers\u00e9curit\u00e9) sur les attaques rencontr\u00e9es dans le notariat.<\/p><\/td><td width=\"189\"><p>Intervention d\u2019expert, questions\/r\u00e9ponses.<\/p><\/td><\/tr><tr><td width=\"144\"><p>15h45 \u2013 16h00<\/p><\/td><td width=\"144\"><p>Partager les exp\u00e9riences et probl\u00e9matiques rencontr\u00e9es.<\/p><\/td><td width=\"265\"><p>\u00c9changes libres entre participants.<\/p><\/td><td width=\"189\"><p>Discussion collective.<\/p><\/td><\/tr><tr><td width=\"144\"><p>16h00 \u2013 16h15<\/p><\/td><td width=\"144\"><p>Pause<\/p><\/td><td width=\"265\"><p>\u00a0<\/p><\/td><td width=\"189\"><p>\u00a0<\/p><\/td><\/tr><tr><td width=\"144\"><p>16h15 \u2013 17h30<\/p><\/td><td width=\"144\"><p>R\u00e9agir efficacement lors d\u2019une cyberattaque pour limiter les impacts.<\/p><\/td><td width=\"265\"><p>R\u00e9flexes pendant l\u2019attaque (isolement du poste, alerte, CSB, CDC) ; proc\u00e9dures apr\u00e8s l\u2019attaque (preuves, plainte, notification CNIL) ; pr\u00e9vention des r\u00e9cidives (mises \u00e0 jour, segmentation, EDR).<\/p><\/td><td width=\"189\"><p>\u00c9tudes de cas, exercices de mise en situation, pr\u00e9sentation de la fiche r\u00e9flexes CSN.<\/p><\/td><\/tr><tr><td width=\"144\"><p>17h30 \u2013 17h45<\/p><\/td><td width=\"144\"><p>Identifier les couvertures et obligations en mati\u00e8re d\u2019assurance cyber.<\/p><\/td><td width=\"265\"><p>Intervention de LSN Assurance : rappel de la loi LOPMI et d\u00e9p\u00f4t de plainte sous 72 h.<\/p><\/td><td width=\"189\"><p>Pr\u00e9sentation illustr\u00e9e, \u00e9changes avec l\u2019intervenante.<\/p><\/td><\/tr><tr><td width=\"144\"><p>17h45 \u2013 18h00<\/p><\/td><td width=\"144\"><p>Consolider les apprentissages.<\/p><\/td><td width=\"265\"><p>Questions\/r\u00e9ponses et \u00e9changes sur les situations v\u00e9cues.<\/p><\/td><td width=\"189\"><p>Dialogue collectif.<\/p><\/td><\/tr><tr><td width=\"144\"><p>18h00 \u2013 18h30<\/p><\/td><td width=\"144\"><p>\u00c9valuer les acquis et clore la session.<\/p><\/td><td width=\"265\"><p>Quiz final, synth\u00e8se des messages cl\u00e9s, recueil du questionnaire de satisfaction.<\/p><\/td><td width=\"189\"><p>\u00c9valuation des acquis, d\u00e9briefing, conclusion par Me LAURENT.<\/p><\/td><\/tr><\/tbody><\/table>\t\t\t\t\t\t\t\t<\/div>\n\t\t\t\t\t<\/div>\n\t\t\t\t<\/div>\n\t\t\t\t<\/div>\n\t\t","protected":false},"excerpt":{"rendered":"<p>Fiche programme LES BONNES PRATIQUES NOTARIALES ET LA LUTTE CONTRE LA CYBERCRIMINALIT\u00c9 \u00a0Public vis\u00e9 : Notaires\u00a0 Pr\u00e9requis : Aucun\u00a0 Objectifs p\u00e9dagogiques\u00a0 \u00c0 l\u2019issue de la formation, le participant sera capable de :\u00a0 1. Identifier les menaces cyber sp\u00e9cifiques aux \u00e9tudes notariales.\u00a0 2. Mettre en oeuvre les bonnes pratiques de cybers\u00e9curit\u00e9 avant une attaque.\u00a0 3. R\u00e9agir [&hellip;]<\/p>\n","protected":false},"author":1,"featured_media":0,"parent":0,"menu_order":0,"comment_status":"closed","ping_status":"closed","template":"","meta":{"footnotes":""},"class_list":["post-496","page","type-page","status-publish","hentry"],"_links":{"self":[{"href":"https:\/\/sitecclercpreprod.fr\/index.php\/wp-json\/wp\/v2\/pages\/496","targetHints":{"allow":["GET"]}}],"collection":[{"href":"https:\/\/sitecclercpreprod.fr\/index.php\/wp-json\/wp\/v2\/pages"}],"about":[{"href":"https:\/\/sitecclercpreprod.fr\/index.php\/wp-json\/wp\/v2\/types\/page"}],"author":[{"embeddable":true,"href":"https:\/\/sitecclercpreprod.fr\/index.php\/wp-json\/wp\/v2\/users\/1"}],"replies":[{"embeddable":true,"href":"https:\/\/sitecclercpreprod.fr\/index.php\/wp-json\/wp\/v2\/comments?post=496"}],"version-history":[{"count":7,"href":"https:\/\/sitecclercpreprod.fr\/index.php\/wp-json\/wp\/v2\/pages\/496\/revisions"}],"predecessor-version":[{"id":503,"href":"https:\/\/sitecclercpreprod.fr\/index.php\/wp-json\/wp\/v2\/pages\/496\/revisions\/503"}],"wp:attachment":[{"href":"https:\/\/sitecclercpreprod.fr\/index.php\/wp-json\/wp\/v2\/media?parent=496"}],"curies":[{"name":"wp","href":"https:\/\/api.w.org\/{rel}","templated":true}]}}